{"id":1821,"date":"2024-01-27T20:41:19","date_gmt":"2024-01-27T19:41:19","guid":{"rendered":"https:\/\/blaminhor.com\/p\/wooordpress\/?page_id=1821"},"modified":"2024-01-30T21:14:25","modified_gmt":"2024-01-30T20:14:25","slug":"forum","status":"publish","type":"page","link":"https:\/\/blaminhor.com\/p\/wooordpress\/fr\/forum\/","title":{"rendered":"Forum Wooordpress"},"content":{"rendered":"<div class=\"fusion-fullwidth fullwidth-box fusion-builder-row-1 fusion-flex-container has-pattern-background has-mask-background nonhundred-percent-fullwidth non-hundred-percent-height-scrolling\" style=\"--awb-border-radius-top-left:0px;--awb-border-radius-top-right:0px;--awb-border-radius-bottom-right:0px;--awb-border-radius-bottom-left:0px;--awb-flex-wrap:wrap;\" ><div class=\"fusion-builder-row fusion-row fusion-flex-align-items-flex-start fusion-flex-content-wrap\" style=\"max-width:1248px;margin-left: calc(-4% \/ 2 );margin-right: calc(-4% \/ 2 );\"><div class=\"fusion-layout-column fusion_builder_column fusion-builder-column-0 fusion_builder_column_1_1 1_1 fusion-flex-column\" style=\"--awb-bg-size:cover;--awb-width-large:100%;--awb-margin-top-large:0px;--awb-spacing-right-large:1.92%;--awb-margin-bottom-large:20px;--awb-spacing-left-large:1.92%;--awb-width-medium:100%;--awb-order-medium:0;--awb-spacing-right-medium:1.92%;--awb-spacing-left-medium:1.92%;--awb-width-small:100%;--awb-order-small:0;--awb-spacing-right-small:1.92%;--awb-spacing-left-small:1.92%;\"><div class=\"fusion-column-wrapper fusion-column-has-shadow fusion-flex-justify-content-flex-start fusion-content-layout-column\"><div class=\"fusion-title title fusion-title-1 fusion-sep-none fusion-title-center fusion-title-text fusion-title-size-one\"><h1 class=\"fusion-title-heading title-heading-center\" style=\"margin:0;\">Forum Wooordpress<\/h1><\/div><div class=\"fusion-separator fusion-full-width-sep\" style=\"align-self: center;margin-left: auto;margin-right: auto;margin-bottom:20px;width:100%;\"><\/div><div class=\"fusion-text fusion-text-1\"><p><strong>Besoin d&rsquo;aide pour la cr\u00e9ation de votre site Internet sur WordPress ? Ce forum communautaire est fait pour \u00e7a ! N&rsquo;h\u00e9sitez pas \u00e0 poser vos questions et \u00e0 participer aux discussions.<\/strong><\/p>\n<\/div><\/div><\/div><div class=\"fusion-layout-column fusion_builder_column fusion-builder-column-1 fusion_builder_column_1_1 1_1 fusion-flex-column\" style=\"--awb-bg-size:cover;--awb-width-large:100%;--awb-margin-top-large:0px;--awb-spacing-right-large:1.92%;--awb-margin-bottom-large:20px;--awb-spacing-left-large:1.92%;--awb-width-medium:100%;--awb-order-medium:0;--awb-spacing-right-medium:1.92%;--awb-spacing-left-medium:1.92%;--awb-width-small:100%;--awb-order-small:0;--awb-spacing-right-small:1.92%;--awb-spacing-left-small:1.92%;\" data-scroll-devices=\"small-visibility,medium-visibility,large-visibility\"><div class=\"fusion-column-wrapper fusion-column-has-shadow fusion-flex-justify-content-flex-start fusion-content-layout-column\"><div style=\"text-align:center;\"><a class=\"fusion-button button-flat button-medium button-default fusion-button-default button-1 fusion-button-default-span fusion-button-default-type\" style=\"--button-border-radius-top-left:5px;--button-border-radius-top-right:5px;--button-border-radius-bottom-right:5px;--button-border-radius-bottom-left:5px;\" target=\"_self\" href=\"https:\/\/blaminhor.com\/p\/wooordpress\/fr\/forum\/inscription-connexion\/\"><span class=\"fusion-button-text\">SE CONNECTER \/ S&rsquo;INSCRIRE<\/span><\/a><\/div><div class=\"fusion-separator fusion-full-width-sep\" style=\"align-self: center;margin-left: auto;margin-right: auto;margin-bottom:30px;width:100%;\"><\/div><\/div><\/div><div class=\"fusion-layout-column fusion_builder_column fusion-builder-column-2 fusion_builder_column_1_1 1_1 fusion-flex-column\" style=\"--awb-bg-size:cover;--awb-width-large:100%;--awb-margin-top-large:0px;--awb-spacing-right-large:1.92%;--awb-margin-bottom-large:20px;--awb-spacing-left-large:1.92%;--awb-width-medium:100%;--awb-order-medium:0;--awb-spacing-right-medium:1.92%;--awb-spacing-left-medium:1.92%;--awb-width-small:100%;--awb-order-small:0;--awb-spacing-right-small:1.92%;--awb-spacing-left-small:1.92%;\"><div class=\"fusion-column-wrapper fusion-column-has-shadow fusion-flex-justify-content-flex-start fusion-content-layout-column\"><div class=\"fusion-text fusion-text-2\">\n<div id=\"bbpress-forums\" class=\"bbpress-wrapper\">\n\n\t<form role=\"search\" method=\"get\" class=\"searchform bbp-search-form fusion-search-form\" action=\"https:\/\/blaminhor.com\/p\/wooordpress\/search\/\">\n\t<div class=\"fusion-search-form-content\">\n\t\t<label class=\"screen-reader-text hidden\" for=\"bbp_search\">Rechercher<\/label>\n\t\t<input id=\"bbp_search\" type=\"hidden\" name=\"action\" value=\"bbp-search-request\" \/>\n\t\t<div class=\"fusion-search-field search-field\">\n\t\t\t<input tabindex=\"101\" type=\"text\" value=\"\" placeholder=\"Rechercher sur le forum...\" name=\"bbp_search\" id=\"bbp_search\" \/>\n\t\t<\/div>\n\t\t<div class=\"fusion-search-button search-button\">\n\t\t\t<input tabindex=\"102\" class=\"fusion-search-submit fusion-button button submit\" type=\"submit\" id=\"bbp_search_submit\" aria-label=\"Recherche\" value=\"&#xf002;\" \/>\n\t\t<\/div>\n\t<\/div>\n<\/form>\n\n\t<div class=\"bbp-breadcrumb\"><p><a href=\"https:\/\/blaminhor.com\/p\/wooordpress\" class=\"bbp-breadcrumb-home\">Accueil<\/a> <span class=\"bbp-breadcrumb-sep\">&rsaquo;<\/span> <span class=\"bbp-breadcrumb-current\">Forums<\/span><\/p><\/div>\n\t\n\t\n\t\n\t\t\n<ul id=\"forums-list-0\" class=\"bbp-forums\">\n\n\t<li class=\"bbp-header\">\n\n\t\t<ul class=\"forum-titles\">\n\t\t\t<li class=\"bbp-forum-info\">Forum<\/li>\n\t\t\t<li class=\"bbp-forum-topic-count\">Sujets<\/li>\n\t\t\t<li class=\"bbp-forum-reply-count\">Messages<\/li>\n\t\t\t<li class=\"bbp-forum-freshness\">Derni\u00e8re publication<\/li>\n\t\t<\/ul>\n\n\t<\/li><!-- .bbp-header -->\n\n\t<li class=\"bbp-body\">\n\n\t\t\n\t\t\t\n<ul id=\"bbp-forum-1460\" class=\"loop-item-0 bbp-forum-status-open bbp-forum-visibility-publish odd  post-1460 forum type-forum status-publish hentry\">\n\t<li class=\"bbp-forum-info\">\n\n\t\t\n\t\t\n\t\t<a class=\"bbp-forum-title\" href=\"https:\/\/blaminhor.com\/p\/wooordpress\/forum\/wordpress\/\">WordPress<\/a>\n\n\t\t\n\t\t\n\t\t<div class=\"bbp-forum-content\">Posez vos questions sur un des meilleurs CMS pour cr\u00e9er son site Internet.<\/div>\n\n\t\t\n\t\t\n\t\t\n\t\t\n\t\t\n\t<\/li>\n\n\t<li class=\"bbp-forum-topic-count\">0<\/li>\n\n\t<li class=\"bbp-forum-reply-count\">0<\/li>\n\n\t<li class=\"bbp-forum-freshness\">\n\n\t\t\n\t\tAucun Sujet\n\t\t\n\t\t<p class=\"bbp-topic-meta\">\n\n\t\t\t\n\t\t\t<span class=\"bbp-topic-freshness-author\"><\/span>\n\n\t\t\t\n\t\t<\/p>\n\t<\/li>\n<\/ul><!-- #bbp-forum-1460 -->\n\n\t\t\n\t\t\t\n<ul id=\"bbp-forum-1462\" class=\"loop-item-1 bbp-forum-status-open bbp-forum-visibility-publish even  post-1462 forum type-forum status-publish hentry\">\n\t<li class=\"bbp-forum-info\">\n\n\t\t\n\t\t\n\t\t<a class=\"bbp-forum-title\" href=\"https:\/\/blaminhor.com\/p\/wooordpress\/forum\/avada\/\">Avada<\/a>\n\n\t\t\n\t\t\n\t\t<div class=\"bbp-forum-content\">Posez vos questions sur un des th\u00e8mes WordPress premium les plus utilis\u00e9s au monde.<\/div>\n\n\t\t\n\t\t\n\t\t\n\t\t\n\t\t\n\t<\/li>\n\n\t<li class=\"bbp-forum-topic-count\">0<\/li>\n\n\t<li class=\"bbp-forum-reply-count\">0<\/li>\n\n\t<li class=\"bbp-forum-freshness\">\n\n\t\t\n\t\tAucun Sujet\n\t\t\n\t\t<p class=\"bbp-topic-meta\">\n\n\t\t\t\n\t\t\t<span class=\"bbp-topic-freshness-author\"><\/span>\n\n\t\t\t\n\t\t<\/p>\n\t<\/li>\n<\/ul><!-- #bbp-forum-1462 -->\n\n\t\t\n\t\t\t\n<ul id=\"bbp-forum-1464\" class=\"loop-item-2 bbp-forum-status-open bbp-forum-visibility-publish odd  post-1464 forum type-forum status-publish hentry\">\n\t<li class=\"bbp-forum-info\">\n\n\t\t\n\t\t\n\t\t<a class=\"bbp-forum-title\" href=\"https:\/\/blaminhor.com\/p\/wooordpress\/forum\/internet\/\">Internet<\/a>\n\n\t\t\n\t\t\n\t\t<div class=\"bbp-forum-content\">Posez vos questions sur\u00a0tout ce qui touche au web en g\u00e9n\u00e9ral.<\/div>\n\n\t\t\n\t\t\n\t\t\n\t\t\n\t\t\n\t<\/li>\n\n\t<li class=\"bbp-forum-topic-count\">0<\/li>\n\n\t<li class=\"bbp-forum-reply-count\">0<\/li>\n\n\t<li class=\"bbp-forum-freshness\">\n\n\t\t\n\t\tAucun Sujet\n\t\t\n\t\t<p class=\"bbp-topic-meta\">\n\n\t\t\t\n\t\t\t<span class=\"bbp-topic-freshness-author\"><\/span>\n\n\t\t\t\n\t\t<\/p>\n\t<\/li>\n<\/ul><!-- #bbp-forum-1464 -->\n\n\t\t\n\t\t\t\n<ul id=\"bbp-forum-1858\" class=\"loop-item-3 bbp-forum-status-open bbp-forum-visibility-publish even  post-1858 forum type-forum status-publish hentry\">\n\t<li class=\"bbp-forum-info\">\n\n\t\t\n\t\t\n\t\t<a class=\"bbp-forum-title\" href=\"https:\/\/blaminhor.com\/p\/wooordpress\/forum\/demandes-de-fonctionnalites-ou-dameliorations\/\">Demandes de fonctionnalit\u00e9s ou d&rsquo;am\u00e9liorations<\/a>\n\n\t\t\n\t\t\n\t\t<div class=\"bbp-forum-content\">Vous aimeriez avoir un article sur un sujet ? Ou une id\u00e9e d'am\u00e9lioration de Wooordpress.com dans son ensemble ? D\u00e9posez vos id\u00e9es ici et votez pour les id\u00e9es que vous pr\u00e9f\u00e9rez. Je mettrai en place les plus pertinentes !<\/div>\n\n\t\t\n\t\t\n\t\t\n\t\t\n\t\t\n\t<\/li>\n\n\t<li class=\"bbp-forum-topic-count\">0<\/li>\n\n\t<li class=\"bbp-forum-reply-count\">0<\/li>\n\n\t<li class=\"bbp-forum-freshness\">\n\n\t\t\n\t\tAucun Sujet\n\t\t\n\t\t<p class=\"bbp-topic-meta\">\n\n\t\t\t\n\t\t\t<span class=\"bbp-topic-freshness-author\"><\/span>\n\n\t\t\t\n\t\t<\/p>\n\t<\/li>\n<\/ul><!-- #bbp-forum-1858 -->\n\n\t\t\n\t\t\t\n<ul id=\"bbp-forum-1856\" class=\"loop-item-4 bbp-forum-status-open bbp-forum-visibility-publish odd  post-1856 forum type-forum status-publish hentry\">\n\t<li class=\"bbp-forum-info\">\n\n\t\t\n\t\t\n\t\t<a class=\"bbp-forum-title\" href=\"https:\/\/blaminhor.com\/p\/wooordpress\/forum\/divers\/\">Divers<\/a>\n\n\t\t\n\t\t\n\t\t<div class=\"bbp-forum-content\">Pour tout ce qui ne rentre pas dans les cat\u00e9gories ci-dessus ! De nouvelles cat\u00e9gories seront cr\u00e9\u00e9s en fonction des tendances.<\/div>\n\n\t\t\n\t\t\n\t\t\n\t\t\n\t\t\n\t<\/li>\n\n\t<li class=\"bbp-forum-topic-count\">0<\/li>\n\n\t<li class=\"bbp-forum-reply-count\">0<\/li>\n\n\t<li class=\"bbp-forum-freshness\">\n\n\t\t\n\t\tAucun Sujet\n\t\t\n\t\t<p class=\"bbp-topic-meta\">\n\n\t\t\t\n\t\t\t<span class=\"bbp-topic-freshness-author\"><\/span>\n\n\t\t\t\n\t\t<\/p>\n\t<\/li>\n<\/ul><!-- #bbp-forum-1856 -->\n\n\t\t\n\t<\/li><!-- .bbp-body -->\n\n\t<li class=\"bbp-footer\">\n\n\t\t<div class=\"tr\">\n\t\t\t<p class=\"td colspan4\">&nbsp;<\/p>\n\t\t<\/div><!-- .tr -->\n\n\t<\/li><!-- .bbp-footer -->\n\n<\/ul><!-- .forums-directory -->\n\n\n\t\n\t\n<\/div>\n\n<\/div><\/div><\/div><div class=\"fusion-layout-column fusion_builder_column fusion-builder-column-3 fusion_builder_column_1_1 1_1 fusion-flex-column\" style=\"--awb-bg-size:cover;--awb-width-large:100%;--awb-margin-top-large:0px;--awb-spacing-right-large:1.92%;--awb-margin-bottom-large:20px;--awb-spacing-left-large:1.92%;--awb-width-medium:100%;--awb-order-medium:0;--awb-spacing-right-medium:1.92%;--awb-spacing-left-medium:1.92%;--awb-width-small:100%;--awb-order-small:0;--awb-spacing-right-small:1.92%;--awb-spacing-left-small:1.92%;\" data-scroll-devices=\"small-visibility,medium-visibility,large-visibility\"><div class=\"fusion-column-wrapper fusion-column-has-shadow fusion-flex-justify-content-flex-start fusion-content-layout-column\"><div style=\"text-align:center;\"><a class=\"fusion-button button-flat button-medium button-default fusion-button-default button-2 fusion-button-default-span fusion-button-default-type\" style=\"--button-border-radius-top-left:5px;--button-border-radius-top-right:5px;--button-border-radius-bottom-right:5px;--button-border-radius-bottom-left:5px;\" target=\"_self\" href=\"https:\/\/blaminhor.com\/p\/wooordpress\/fr\/forum\/inscription-connexion\/\"><span class=\"fusion-button-text\">SE CONNECTER \/ S&rsquo;INSCRIRE<\/span><\/a><\/div><\/div><\/div><\/div><\/div>\n","protected":false},"excerpt":{"rendered":"","protected":false},"author":1,"featured_media":0,"parent":0,"menu_order":0,"comment_status":"closed","ping_status":"closed","template":"","meta":{"_bbp_topic_count":0,"_bbp_reply_count":0,"_bbp_total_topic_count":0,"_bbp_total_reply_count":0,"_bbp_voice_count":0,"_bbp_anonymous_reply_count":0,"_bbp_topic_count_hidden":0,"_bbp_reply_count_hidden":0,"_bbp_forum_subforum_count":0,"footnotes":""},"class_list":["post-1821","page","type-page","status-publish","hentry"],"_links":{"self":[{"href":"https:\/\/blaminhor.com\/p\/wooordpress\/wp-json\/wp\/v2\/pages\/1821","targetHints":{"allow":["GET"]}}],"collection":[{"href":"https:\/\/blaminhor.com\/p\/wooordpress\/wp-json\/wp\/v2\/pages"}],"about":[{"href":"https:\/\/blaminhor.com\/p\/wooordpress\/wp-json\/wp\/v2\/types\/page"}],"author":[{"embeddable":true,"href":"https:\/\/blaminhor.com\/p\/wooordpress\/wp-json\/wp\/v2\/users\/1"}],"replies":[{"embeddable":true,"href":"https:\/\/blaminhor.com\/p\/wooordpress\/wp-json\/wp\/v2\/comments?post=1821"}],"version-history":[{"count":0,"href":"https:\/\/blaminhor.com\/p\/wooordpress\/wp-json\/wp\/v2\/pages\/1821\/revisions"}],"wp:attachment":[{"href":"https:\/\/blaminhor.com\/p\/wooordpress\/wp-json\/wp\/v2\/media?parent=1821"}],"curies":[{"name":"wp","href":"https:\/\/api.w.org\/{rel}","templated":true}]}}