{"id":3,"date":"2024-01-17T10:23:20","date_gmt":"2024-01-17T10:23:20","guid":{"rendered":"https:\/\/blaminhor.com\/p\/wooordpress\/?page_id=3"},"modified":"2024-12-31T09:12:21","modified_gmt":"2024-12-31T08:12:21","slug":"cgv","status":"publish","type":"page","link":"https:\/\/blaminhor.com\/p\/wooordpress\/fr\/cgv\/","title":{"rendered":"CGV"},"content":{"rendered":"<p class=\"p1\"><span class=\"s1\"><b>Mentions l\u00e9gales, termes et conditions g\u00e9n\u00e9rales<\/b><\/span><\/p>\r\n<p class=\"p2\"><span class=\"s1\">Les pr\u00e9sentes conditions g\u00e9n\u00e9rales d\u00e9crivent les r\u00e8gles et r\u00e8glements relatifs \u00e0 l&rsquo;utilisation du site web situ\u00e9 \u00e0 l&rsquo;adresse https:\/\/www.blaminhor.com\/p\/wooordpress.<\/span><\/p>\r\n<p class=\"p2\"><span class=\"s1\">En acc\u00e9dant \u00e0 ce site web, nous supposons que vous acceptez ces conditions g\u00e9n\u00e9rales. Ne continuez pas \u00e0 utiliser Wooordpress si vous n&rsquo;acceptez pas de prendre toutes les conditions g\u00e9n\u00e9rales \u00e9nonc\u00e9es sur cette page.<\/span><\/p>\r\n<p class=\"p3\"><span class=\"s1\"><b>Cookies :<\/b><\/span><\/p>\r\n<p class=\"p2\"><span class=\"s1\">Le site web utilise des cookies pour aider \u00e0 personnaliser votre exp\u00e9rience en ligne. En acc\u00e9dant \u00e0 Wooordpress, vous avez accept\u00e9 d&rsquo;utiliser les cookies requis.<\/span><\/p>\r\n<p class=\"p2\"><span class=\"s1\">Un cookie est un fichier texte qui est plac\u00e9 sur votre disque dur par un serveur de pages web. Les cookies ne peuvent pas \u00eatre utilis\u00e9s pour ex\u00e9cuter des programmes ou transmettre des virus \u00e0 votre ordinateur. Les cookies vous sont attribu\u00e9s de mani\u00e8re unique et ne peuvent \u00eatre lus que par un serveur web du domaine qui vous a \u00e9mis le cookie.<\/span><\/p>\r\n<p class=\"p2\"><span class=\"s1\">Nous pouvons utiliser des cookies pour collecter, stocker et suivre des informations \u00e0 des fins statistiques ou marketing pour exploiter notre site web. Vous avez la possibilit\u00e9 d&rsquo;accepter ou de refuser les Cookies facultatifs. Il existe certains Cookies obligatoires qui sont n\u00e9cessaires au fonctionnement de notre site web. Ces cookies ne n\u00e9cessitent pas votre consentement car ils fonctionnent toujours. N&rsquo;oubliez pas qu&rsquo;en acceptant les Cookies obligatoires, vous acceptez \u00e9galement les Cookies tiers, qui pourraient \u00eatre utilis\u00e9s via des services fournis par des tiers si vous utilisez ces services sur notre site web, par exemple, une fen\u00eatre d&rsquo;affichage vid\u00e9o fournie par des tiers et int\u00e9gr\u00e9e \u00e0 notre site web.<\/span><\/p>\r\n<p class=\"p3\"><span class=\"s1\"><b>Responsable de publication :<\/b><\/span><\/p>\r\n<p class=\"p2\"><span class=\"s1\">Blaminhor &#8211; <a href=\"mailto:hi+wooordpress@blaminhor.com\">Contact<\/a>.\r\nH\u00e9bergement : Infomaniak<\/span><\/p>\r\n<p class=\"p3\"><span class=\"s1\"><b>Licence :<\/b><\/span><\/p>\r\n<p class=\"p2\"><span class=\"s1\">Sauf indication contraire, Blaminhor et\/ou ses conc\u00e9dants de licence d\u00e9tiennent les droits de propri\u00e9t\u00e9 intellectuelle de l&rsquo;ensemble du mat\u00e9riel pr\u00e9sent sur Wooordpress. Tous les droits de propri\u00e9t\u00e9 intellectuelle sont r\u00e9serv\u00e9s. Vous pouvez y acc\u00e9der \u00e0 partir de Wooordpress pour votre usage personnel, sous r\u00e9serve des restrictions fix\u00e9es dans les pr\u00e9sentes conditions g\u00e9n\u00e9rales.<\/span><\/p>\r\n<p class=\"p2\"><span class=\"s1\">Vous ne devez pas :<\/span><\/p>\r\n\r\n<ul class=\"ul1\">\r\n \t<li class=\"li4\"><span class=\"s1\">Copier ou republier des \u00e9l\u00e9ments provenant de Wooordpress.<\/span><\/li>\r\n \t<li class=\"li4\"><span class=\"s1\">Vendre, louer ou conc\u00e9der une sous-licence pour le mat\u00e9riel provenant de Wooordpress.<\/span><\/li>\r\n \t<li class=\"li4\"><span class=\"s1\">Reproduire, dupliquer ou copier le mat\u00e9riel provenant de Wooordpress.<\/span><\/li>\r\n \t<li class=\"li4\"><span class=\"s1\">Redistribuer le contenu de Wooordpress<\/span><\/li>\r\n<\/ul>\r\n<p class=\"p2\"><span class=\"s1\">Le pr\u00e9sent accord prend effet \u00e0 la date des pr\u00e9sentes.<\/span><\/p>\r\n<p class=\"p2\"><span class=\"s1\">Certaines parties de ce site web offrent aux utilisateurs la possibilit\u00e9 de publier et d&rsquo;\u00e9changer des opinions et des informations dans certaines zones du site web. Blaminhor ne filtre pas, n&rsquo;\u00e9dite pas, ne publie pas et ne r\u00e9vise pas les commentaires avant leur pr\u00e9sence sur le site web. Les commentaires ne refl\u00e8tent pas les vues et opinions de Blaminhor, de ses agents et\/ou de ses affili\u00e9s. Les commentaires refl\u00e8tent les vues et opinions de la personne qui les publie. Dans la mesure o\u00f9 les lois applicables le permettent, Blaminhor ne peut \u00eatre tenu responsable des commentaires ou de toute responsabilit\u00e9, de tout dommage ou de toute d\u00e9pense caus\u00e9s et\/ou subis \u00e0 la suite de l&rsquo;utilisation et\/ou de l&rsquo;affichage et\/ou de l&rsquo;apparition des commentaires sur ce site web.<\/span><\/p>\r\n<p class=\"p2\"><span class=\"s1\">Blaminhor se r\u00e9serve le droit de surveiller tous les commentaires et de supprimer tout commentaire qui peut \u00eatre consid\u00e9r\u00e9 comme inappropri\u00e9, offensant, ou qui entra\u00eene une violation des pr\u00e9sentes conditions g\u00e9n\u00e9rales.<\/span><\/p>\r\n<p class=\"p2\"><span class=\"s1\">Vous garantissez et d\u00e9clarez que :<\/span><\/p>\r\n\r\n<ul class=\"ul1\">\r\n \t<li class=\"li4\"><span class=\"s1\">Vous avez le droit de publier les commentaires sur notre site web et disposez de toutes les licences et de tous les consentements n\u00e9cessaires pour le faire ;<\/span><\/li>\r\n \t<li class=\"li4\"><span class=\"s1\">Les commentaires n&rsquo;envahissent aucun droit de propri\u00e9t\u00e9 intellectuelle, y compris, sans limitation, le droit d&rsquo;auteur, le brevet ou la marque de commerce d&rsquo;un tiers ;<\/span><\/li>\r\n \t<li class=\"li4\"><span class=\"s1\">Les Commentaires ne contiennent aucun \u00e9l\u00e9ment diffamatoire, calomnieux, offensant, ind\u00e9cent ou autrement ill\u00e9gal, constituant une atteinte \u00e0 la vie priv\u00e9e.<\/span><\/li>\r\n \t<li class=\"li4\"><span class=\"s1\">Les Commentaires ne seront pas utilis\u00e9s pour solliciter ou promouvoir des affaires ou des coutumes ou pr\u00e9senter des activit\u00e9s commerciales ou des activit\u00e9s ill\u00e9gales.<\/span><\/li>\r\n<\/ul>\r\n<p class=\"p2\"><span class=\"s1\">Par la pr\u00e9sente, vous accordez \u00e0 Blaminhor une licence non exclusive pour utiliser, reproduire, \u00e9diter et autoriser d&rsquo;autres personnes \u00e0 utiliser, reproduire et \u00e9diter n&rsquo;importe lequel de vos commentaires sous toutes les formes, formats ou m\u00e9dias.<\/span><\/p>\r\n<p class=\"p3\"><span class=\"s1\"><b>L&rsquo;\u00e9tablissement d&rsquo;hyperliens vers notre contenu :<\/b><\/span><\/p>\r\n<p class=\"p2\"><span class=\"s1\">Les organisations suivantes peuvent cr\u00e9er des liens vers notre site web sans autorisation \u00e9crite pr\u00e9alable :<\/span><\/p>\r\n\r\n<ul class=\"ul1\">\r\n \t<li class=\"li4\"><span class=\"s1\">Les agences gouvernementales ;<\/span><\/li>\r\n \t<li class=\"li4\"><span class=\"s1\">Moteurs de recherche ;<\/span><\/li>\r\n \t<li class=\"li4\"><span class=\"s1\">Organismes de presse ;<\/span><\/li>\r\n \t<li class=\"li4\"><span class=\"s1\">Les distributeurs d&rsquo;annuaires en ligne peuvent cr\u00e9er des liens vers notre site web de la m\u00eame mani\u00e8re qu&rsquo;ils cr\u00e9ent des hyperliens vers les sites web d&rsquo;autres entreprises r\u00e9pertori\u00e9es ; et&#8230;<\/span><\/li>\r\n \t<li class=\"li4\"><span class=\"s1\">Les entreprises accr\u00e9dit\u00e9es \u00e0 l&rsquo;\u00e9chelle du syst\u00e8me, \u00e0 l&rsquo;exception des organismes \u00e0 but non lucratif de sollicitation, des centres commerciaux de bienfaisance et des groupes de collecte de fonds de bienfaisance qui ne peuvent pas \u00e9tablir d&rsquo;hyperlien vers notre site Web.<\/span><\/li>\r\n<\/ul>\r\n<p class=\"p2\"><span class=\"s1\">Ces organisations peuvent cr\u00e9er des liens vers notre page d&rsquo;accueil, vers des publications ou vers d&rsquo;autres informations du site web, tant que le lien : (a) n&rsquo;est en aucun cas trompeur ; (b) n&rsquo;implique pas faussement le parrainage, l&rsquo;approbation ou le soutien de la partie liante et de ses produits et\/ou services ; et (c) s&rsquo;inscrit dans le contexte du site de la partie liante.<\/span><\/p>\r\n<p class=\"p2\"><span class=\"s1\">Nous pouvons prendre en consid\u00e9ration et approuver d&rsquo;autres demandes de liens provenant des types d&rsquo;organisations suivantes :<\/span><\/p>\r\n\r\n<ul class=\"ul1\">\r\n \t<li class=\"li4\"><span class=\"s1\">les sources d&rsquo;information commun\u00e9ment connues des consommateurs et\/ou des entreprises ;<\/span><\/li>\r\n \t<li class=\"li4\"><span class=\"s1\">les sites communautaires point.com ;<\/span><\/li>\r\n \t<li class=\"li4\"><span class=\"s1\">les associations ou autres groupes repr\u00e9sentant des organismes de bienfaisance ;<\/span><\/li>\r\n \t<li class=\"li4\"><span class=\"s1\">les distributeurs d&rsquo;annuaires en ligne ;<\/span><\/li>\r\n \t<li class=\"li4\"><span class=\"s1\">les portails internet ;<\/span><\/li>\r\n \t<li class=\"li4\"><span class=\"s1\">les cabinets de comptabilit\u00e9, d&rsquo;avocats et de consultants ; et<\/span><\/li>\r\n \t<li class=\"li4\"><span class=\"s1\">les \u00e9tablissements d&rsquo;enseignement et les associations professionnelles.<\/span><\/li>\r\n<\/ul>\r\n<p class=\"p2\"><span class=\"s1\">Nous approuverons les demandes de liens de ces organisations si nous d\u00e9cidons que : (a) le lien ne nous donnerait pas une image d\u00e9favorable de nous-m\u00eames ou de nos entreprises accr\u00e9dit\u00e9es ; (b) l&rsquo;organisation n&rsquo;a pas de dossier n\u00e9gatif avec nous ; (c) l&rsquo;avantage que nous retirons de la visibilit\u00e9 de l&rsquo;hyperlien compense l&rsquo;absence de Blaminhor ; et (d) le lien s&rsquo;inscrit dans le contexte d&rsquo;informations g\u00e9n\u00e9rales sur les ressources.<\/span><\/p>\r\n<p class=\"p2\"><span class=\"s1\">Ces organisations peuvent \u00e9tablir un lien vers notre page d&rsquo;accueil tant que le lien : (a) n&rsquo;est en aucun cas trompeur ; (b) n&rsquo;implique pas faussement le parrainage, l&rsquo;approbation ou l&rsquo;aval de la partie liante et de ses produits ou services ; et (c) s&rsquo;inscrit dans le contexte du site de la partie liante.<\/span><\/p>\r\n<p class=\"p2\"><span class=\"s1\">Si vous \u00eates l&rsquo;une des organisations \u00e9num\u00e9r\u00e9es au paragraphe 2 ci-dessus et que vous souhaitez cr\u00e9er un lien vers notre site web, vous devez nous en informer en envoyant un e-mail \u00e0 Blaminhor. Veuillez inclure votre nom, le nom de votre organisation, vos coordonn\u00e9es ainsi que l&rsquo;URL de votre site, une liste de toutes les URL \u00e0 partir desquelles vous avez l&rsquo;intention de cr\u00e9er un lien vers notre site web, et une liste des URL de notre site vers lesquelles vous souhaitez cr\u00e9er un lien. Attendez 2 \u00e0 3 semaines pour obtenir une r\u00e9ponse.<\/span><\/p>\r\n<p class=\"p2\"><span class=\"s1\">Les organisations approuv\u00e9es peuvent \u00e9tablir un hyperlien vers notre site web de la mani\u00e8re suivante :<\/span><\/p>\r\n\r\n<ul class=\"ul1\">\r\n \t<li class=\"li4\"><span class=\"s1\">Par l&rsquo;utilisation de notre d\u00e9nomination sociale ; ou<\/span><\/li>\r\n \t<li class=\"li4\"><span class=\"s1\">Par l&rsquo;utilisation du localisateur de ressources uniforme vers lequel le lien est \u00e9tabli ; ou<\/span><\/li>\r\n \t<li class=\"li4\"><span class=\"s1\">Par l&rsquo;utilisation de toute autre description de notre site web faisant l&rsquo;objet d&rsquo;un lien qui a du sens dans le contexte et le format du contenu du site web de la partie liante.<\/span><\/li>\r\n<\/ul>\r\n<p class=\"p2\"><span class=\"s1\">Aucune utilisation du logo ou d&rsquo;autres illustrations de Blaminhor ne sera autoris\u00e9e pour la cr\u00e9ation de liens en l&rsquo;absence d&rsquo;un accord de licence de marque.<\/span><\/p>\r\n<p class=\"p3\"><span class=\"s1\"><b>Responsabilit\u00e9 du contenu :<\/b><\/span><\/p>\r\n<p class=\"p2\"><span class=\"s1\">Nous ne serons pas tenus responsables du contenu qui appara\u00eet sur votre site web. Vous acceptez de nous prot\u00e9ger et de nous d\u00e9fendre contre toutes les r\u00e9clamations qui sont soulev\u00e9es sur votre site web. Aucun lien ne doit appara\u00eetre sur un site web qui pourrait \u00eatre interpr\u00e9t\u00e9 comme diffamatoire, obsc\u00e8ne ou criminel, ou qui enfreint, viole de toute autre mani\u00e8re, ou pr\u00e9conise l&rsquo;infraction ou toute autre violation des droits d&rsquo;un tiers.<\/span><\/p>\r\n<p class=\"p3\"><span class=\"s1\"><b>R\u00e9serve de droits :<\/b><\/span><\/p>\r\n<p class=\"p2\"><span class=\"s1\">Nous nous r\u00e9servons le droit de vous demander de supprimer tous les liens ou un lien particulier vers notre site web. Vous acceptez de retirer imm\u00e9diatement tous les liens vers notre site web sur demande. Nous nous r\u00e9servons \u00e9galement le droit de modifier \u00e0 tout moment les pr\u00e9sentes conditions g\u00e9n\u00e9rales et sa politique en mati\u00e8re de liens. En \u00e9tablissant continuellement des liens vers notre site web, vous acceptez d&rsquo;\u00eatre li\u00e9 \u00e0 ces conditions g\u00e9n\u00e9rales de liaison et de les suivre.<\/span><\/p>\r\n<p class=\"p3\"><span class=\"s1\"><b>Suppression des liens de notre site web :<\/b><\/span><\/p>\r\n<p class=\"p2\"><span class=\"s1\">Si vous trouvez un lien sur notre site web qui est offensant pour une raison quelconque, vous \u00eates libre de nous contacter et de nous informer \u00e0 tout moment. Nous examinerons les demandes de suppression de liens, mais nous ne sommes pas oblig\u00e9s de le faire ou de vous r\u00e9pondre directement.<\/span><\/p>\r\n<p class=\"p2\"><span class=\"s1\">Nous ne garantissons pas l&rsquo;exactitude des informations figurant sur ce site web. Nous ne garantissons pas leur exhaustivit\u00e9 ou leur exactitude, et nous ne promettons pas non plus de garantir que le site web reste disponible ou que le mat\u00e9riel sur le site web est maintenu \u00e0 jour.<\/span><\/p>\r\n<p class=\"p3\"><span class=\"s1\"><b>Avis de non-responsabilit\u00e9 :<\/b><\/span><\/p>\r\n<p class=\"p2\"><span class=\"s1\">Dans la mesure maximale autoris\u00e9e par la loi applicable, nous excluons toutes les repr\u00e9sentations, garanties et conditions relatives \u00e0 notre site web et \u00e0 l&rsquo;utilisation de ce site web. Rien dans cette clause de non-responsabilit\u00e9 ne pourra :<\/span><\/p>\r\n\r\n<ul class=\"ul1\">\r\n \t<li class=\"li4\"><span class=\"s1\">limiter ou exclure notre ou votre responsabilit\u00e9 en cas de d\u00e9c\u00e8s ou de dommages corporels ;<\/span><\/li>\r\n \t<li class=\"li4\"><span class=\"s1\">limiter ou exclure notre ou votre responsabilit\u00e9 en cas de fraude ou de fausse d\u00e9claration frauduleuse ;<\/span><\/li>\r\n \t<li class=\"li4\"><span class=\"s1\">limiter l&rsquo;une de nos ou de vos responsabilit\u00e9s d&rsquo;une mani\u00e8re qui n&rsquo;est pas autoris\u00e9e par la loi applicable ; ou<\/span><\/li>\r\n \t<li class=\"li4\"><span class=\"s1\">exclure l&rsquo;une de nos ou de vos responsabilit\u00e9s qui ne peuvent \u00eatre exclues en vertu de la loi applicable.<\/span><\/li>\r\n<\/ul>\r\n<p class=\"p2\"><span class=\"s1\">Les limitations et interdictions de responsabilit\u00e9 fix\u00e9es dans cette section et ailleurs dans cette clause de non-responsabilit\u00e9 : (a) sont soumises au paragraphe pr\u00e9c\u00e9dent ; et (b) r\u00e9gissent toutes les responsabilit\u00e9s d\u00e9coulant de la clause de non-responsabilit\u00e9, y compris les responsabilit\u00e9s contractuelles, d\u00e9lictuelles et pour violation d&rsquo;une obligation l\u00e9gale.<\/span><\/p>\r\n<p class=\"p2\"><span class=\"s1\">Tant que le site web et les informations et services du site web sont fournis gratuitement, nous ne serons pas responsables de toute perte ou dommage de quelque nature que ce soit.<\/span><\/p>\r\n<!-- \/wp:post-content -->","protected":false},"excerpt":{"rendered":"<p>Mentions l\u00e9gales, termes et conditions g\u00e9n\u00e9rales Les pr\u00e9sentes conditions g\u00e9n\u00e9rales [&hellip;]<\/p>\n","protected":false},"author":1,"featured_media":0,"parent":0,"menu_order":0,"comment_status":"closed","ping_status":"open","template":"","meta":{"_bbp_topic_count":0,"_bbp_reply_count":0,"_bbp_total_topic_count":0,"_bbp_total_reply_count":0,"_bbp_voice_count":0,"_bbp_anonymous_reply_count":0,"_bbp_topic_count_hidden":0,"_bbp_reply_count_hidden":0,"_bbp_forum_subforum_count":0,"footnotes":""},"class_list":["post-3","page","type-page","status-publish","hentry"],"_links":{"self":[{"href":"https:\/\/blaminhor.com\/p\/wooordpress\/wp-json\/wp\/v2\/pages\/3","targetHints":{"allow":["GET"]}}],"collection":[{"href":"https:\/\/blaminhor.com\/p\/wooordpress\/wp-json\/wp\/v2\/pages"}],"about":[{"href":"https:\/\/blaminhor.com\/p\/wooordpress\/wp-json\/wp\/v2\/types\/page"}],"author":[{"embeddable":true,"href":"https:\/\/blaminhor.com\/p\/wooordpress\/wp-json\/wp\/v2\/users\/1"}],"replies":[{"embeddable":true,"href":"https:\/\/blaminhor.com\/p\/wooordpress\/wp-json\/wp\/v2\/comments?post=3"}],"version-history":[{"count":4,"href":"https:\/\/blaminhor.com\/p\/wooordpress\/wp-json\/wp\/v2\/pages\/3\/revisions"}],"predecessor-version":[{"id":2263,"href":"https:\/\/blaminhor.com\/p\/wooordpress\/wp-json\/wp\/v2\/pages\/3\/revisions\/2263"}],"wp:attachment":[{"href":"https:\/\/blaminhor.com\/p\/wooordpress\/wp-json\/wp\/v2\/media?parent=3"}],"curies":[{"name":"wp","href":"https:\/\/api.w.org\/{rel}","templated":true}]}}